{"id":3,"date":"2024-10-25T18:38:25","date_gmt":"2024-10-25T18:38:25","guid":{"rendered":"http:\/\/bicalhooliveira.us\/?page_id=3"},"modified":"2025-05-27T10:32:24","modified_gmt":"2025-05-27T13:32:24","slug":"privacy-policy","status":"publish","type":"page","link":"https:\/\/bicalhooliveira.us\/pt\/privacy-policy\/","title":{"rendered":"Pol\u00edtica de Privacidade"},"content":{"rendered":"<div data-elementor-type=\"wp-page\" data-elementor-id=\"3\" class=\"elementor elementor-3\" data-elementor-post-type=\"page\">\n\t\t\t\t<div class=\"elementor-element elementor-element-eb2b084 e-flex e-con-boxed e-con e-parent\" data-id=\"eb2b084\" data-element_type=\"container\" data-e-type=\"container\">\n\t\t\t\t\t<div class=\"e-con-inner\">\n\t\t\t\t<div class=\"elementor-element elementor-element-d886e62 elementor-widget elementor-widget-heading\" data-id=\"d886e62\" data-element_type=\"widget\" data-e-type=\"widget\" data-widget_type=\"heading.default\">\n\t\t\t\t<div class=\"elementor-widget-container\">\n\t\t\t\t\t<h1 class=\"elementor-heading-title elementor-size-default\">Pol\u00edtica de Privacidade<\/h1>\t\t\t\t<\/div>\n\t\t\t\t<\/div>\n\t\t\t\t<div class=\"elementor-element elementor-element-f6ab577 elementor-widget elementor-widget-spacer\" data-id=\"f6ab577\" data-element_type=\"widget\" data-e-type=\"widget\" data-widget_type=\"spacer.default\">\n\t\t\t\t<div class=\"elementor-widget-container\">\n\t\t\t\t\t\t\t<div class=\"elementor-spacer\">\n\t\t\t<div class=\"elementor-spacer-inner\"><\/div>\n\t\t<\/div>\n\t\t\t\t\t\t<\/div>\n\t\t\t\t<\/div>\n\t\t\t\t<div class=\"elementor-element elementor-element-82e2412 elementor-widget elementor-widget-button\" data-id=\"82e2412\" data-element_type=\"widget\" data-e-type=\"widget\" data-widget_type=\"button.default\">\n\t\t\t\t<div class=\"elementor-widget-container\">\n\t\t\t\t\t\t\t\t\t<div class=\"elementor-button-wrapper\">\n\t\t\t\t\t<a class=\"elementor-button elementor-button-link elementor-size-sm\" href=\"https:\/\/bicalhooliveira.us\/pt\">\n\t\t\t\t\t\t<span class=\"elementor-button-content-wrapper\">\n\t\t\t\t\t\t<span class=\"elementor-button-icon\">\n\t\t\t\t<svg aria-hidden=\"true\" class=\"e-font-icon-svg e-fas-arrow-left\" viewbox=\"0 0 448 512\" xmlns=\"http:\/\/www.w3.org\/2000\/svg\"><path d=\"M257.5 445.1l-22.2 22.2c-9.4 9.4-24.6 9.4-33.9 0L7 273c-9.4-9.4-9.4-24.6 0-33.9L201.4 44.7c9.4-9.4 24.6-9.4 33.9 0l22.2 22.2c9.5 9.5 9.3 25-.4 34.3L136.6 216H424c13.3 0 24 10.7 24 24v32c0 13.3-10.7 24-24 24H136.6l120.5 114.8c9.8 9.3 10 24.8.4 34.3z\"><\/path><\/svg>\t\t\t<\/span>\n\t\t\t\t\t\t\t\t\t<span class=\"elementor-button-text\">Voltar<\/span>\n\t\t\t\t\t<\/span>\n\t\t\t\t\t<\/a>\n\t\t\t\t<\/div>\n\t\t\t\t\t\t\t\t<\/div>\n\t\t\t\t<\/div>\n\t\t\t\t<div class=\"elementor-element elementor-element-98ffc81 elementor-widget elementor-widget-spacer\" data-id=\"98ffc81\" data-element_type=\"widget\" data-e-type=\"widget\" data-widget_type=\"spacer.default\">\n\t\t\t\t<div class=\"elementor-widget-container\">\n\t\t\t\t\t\t\t<div class=\"elementor-spacer\">\n\t\t\t<div class=\"elementor-spacer-inner\"><\/div>\n\t\t<\/div>\n\t\t\t\t\t\t<\/div>\n\t\t\t\t<\/div>\n\t\t\t\t<div class=\"elementor-element elementor-element-84ca561 elementor-widget elementor-widget-text-editor\" data-id=\"84ca561\" data-element_type=\"widget\" data-e-type=\"widget\" data-widget_type=\"text-editor.default\">\n\t\t\t\t<div class=\"elementor-widget-container\">\n\t\t\t\t\t\t\t\t\t<h2><strong>Pol\u00edtica Privacidade<\/strong><\/h2><p>O endere\u00e7o do nosso site \u00e9: <a class=\"\" href=\"https:\/\/bicalhooliveira.us\/pt\/\" target=\"_new\" rel=\"noopener\" data-start=\"37\" data-end=\"64\">https:\/\/bicalhooliveira.us\/<\/a><\/p><h2><strong>Pol\u00edtica de Privacidade<\/strong><\/h2><p data-start=\"66\" data-end=\"291\">A sua privacidade \u00e9 importante para n\u00f3s. \u00c9 pol\u00edtica do <strong>Bicalho &amp; Oliveira<\/strong> respeitar a sua privacidade em rela\u00e7\u00e3o a qualquer informa\u00e7\u00e3o sua que possamos coletar no site bicalho.com, e outros sites que possu\u00edmos e operamos.<\/p><p data-start=\"293\" data-end=\"519\">Solicitamos informa\u00e7\u00f5es pessoais apenas quando realmente precisamos delas para lhe fornecer um servi\u00e7o. Fazemo-lo por meios justos e legais, com o seu conhecimento e consentimento. Tamb\u00e9m informamos por que estamos coletando e como ser\u00e1 usado.<\/p><p data-start=\"521\" data-end=\"789\">Apenas retemos as informa\u00e7\u00f5es coletadas pelo tempo necess\u00e1rio para fornecer o servi\u00e7o solicitado. Quando armazenamos dados,  protegemos dentro de meios comercialmente aceit\u00e1veis \u200b\u200bpara evitar perdas e roubos, bem como acesso, divulga\u00e7\u00e3o, c\u00f3pia, uso ou modifica\u00e7\u00e3o n\u00e3o autorizados.<\/p><p data-start=\"791\" data-end=\"902\">N\u00e3o compartilhamos informa\u00e7\u00f5es de identifica\u00e7\u00e3o pessoal publicamente ou com terceiros, exceto quando exigido por lei.<\/p><p data-start=\"904\" data-end=\"1130\">O nosso site pode ter links para sites externos que n\u00e3o s\u00e3o operados por n\u00f3s. Esteja ciente de que n\u00e3o temos controle sobre o conte\u00fado e pr\u00e1ticas desses sites e n\u00e3o podemos aceitar responsabilidade por suas respectivas pol\u00edticas de privacidade.<\/p><p data-start=\"1132\" data-end=\"1281\">Voc\u00ea \u00e9 livre para recusar a nossa solicita\u00e7\u00e3o de informa\u00e7\u00f5es pessoais, entendendo que talvez n\u00e3o possamos fornecer alguns dos servi\u00e7os desejados.<\/p><p data-start=\"1283\" data-end=\"1503\">O uso continuado de nosso site ser\u00e1 considerado como aceita\u00e7\u00e3o de nossas pr\u00e1ticas em torno de privacidade e informa\u00e7\u00f5es pessoais. Se voc\u00ea tiver alguma d\u00favida sobre como lidamos com dados do usu\u00e1rio e informa\u00e7\u00f5es pessoais, entre em contacto conosco.<\/p><h2 data-start=\"1283\" data-end=\"1503\"><strong>Pol\u00edtica de Cookies<\/strong><\/h2><h3>O que s\u00e3o cookies?<\/h3><p data-start=\"1529\" data-end=\"1985\">Como \u00e9 pr\u00e1tica comum em quase todos os sites profissionais, este site usa cookies, que s\u00e3o pequenos arquivos baixados no seu computador, para melhorar sua experi\u00eancia. Esta p\u00e1gina descreve quais informa\u00e7\u00f5es eles coletam, como as usamos e por que \u00e0s vezes precisamos armazenar esses cookies. Tamb\u00e9m compartilharemos como voc\u00ea pode impedir que esses cookies sejam armazenados, no entanto, isso pode fazer o downgrade ou \u2018quebrar\u2019 certos elementos da funcionalidade do site.<\/p><h3 data-start=\"1987\" data-end=\"2393\"><strong data-start=\"1987\" data-end=\"2013\">Como usamos os cookies?<\/strong><\/h3><p data-start=\"1987\" data-end=\"2393\">Utilizamos cookies por v\u00e1rios motivos, detalhados abaixo. Infelizmente, na maioria dos casos, n\u00e3o existem op\u00e7\u00f5es padr\u00e3o do setor para desativar os cookies sem desativar completamente a funcionalidade e os recursos que eles adicionam a este site. \u00c9 recomend\u00e1vel que voc\u00ea deixe todos os cookies se n\u00e3o tiver certeza se precisa ou n\u00e3o deles, caso sejam usados \u200b\u200bpara fornecer um servi\u00e7o que voc\u00ea usa.<\/p><h3 data-start=\"2395\" data-end=\"2820\"><strong data-start=\"2395\" data-end=\"2416\">Desativar cookies<\/strong><\/h3><p data-start=\"2395\" data-end=\"2820\">Voc\u00ea pode impedir a configura\u00e7\u00e3o de cookies ajustando as configura\u00e7\u00f5es do seu navegador (consulte a Ajuda do navegador para saber como fazer isso). Esteja ciente de que a desativa\u00e7\u00e3o de cookies afetar\u00e1 a funcionalidade deste e de muitos outros sites que voc\u00ea visita. A desativa\u00e7\u00e3o de cookies geralmente resultar\u00e1 na desativa\u00e7\u00e3o de determinadas funcionalidades e recursos deste site. Portanto, \u00e9 recomend\u00e1vel que voc\u00ea n\u00e3o desative os cookies.<\/p><h3 data-start=\"2822\" data-end=\"2840\"><strong data-start=\"2822\" data-end=\"2840\">Cookies que definimos<\/strong><\/h3><ul data-start=\"2842\" data-end=\"4808\"><li data-start=\"2842\" data-end=\"3150\"><p data-start=\"2844\" data-end=\"3150\"><strong data-start=\"2844\" data-end=\"2871\">Cookies relacionados \u00e0 conta<\/strong><br data-start=\"2871\" data-end=\"2874\" \/>Se voc\u00ea criar uma conta conosco, usaremos cookies para o gerenciamento do processo de inscri\u00e7\u00e3o e administra\u00e7\u00e3o geral. Esses cookies geralmente ser\u00e3o exclu\u00eddos quando voc\u00ea sair do sistema, por\u00e9m, em alguns casos, eles poder\u00e3o permanecer posteriormente para lembrar as prefer\u00eancias do seu site ao sair.<\/p><\/li><li data-start=\"3152\" data-end=\"3475\"><p data-start=\"3154\" data-end=\"3475\"><strong data-start=\"3154\" data-end=\"3179\">Cookies relacionados ao login<\/strong><br data-start=\"3179\" data-end=\"3182\" \/>Utilizamos cookies quando voc\u00ea est\u00e1 logado, para que possamos lembrar dessa a\u00e7\u00e3o. Isso evita que voc\u00ea precise fazer login sempre que visitar uma nova p\u00e1gina. Esses cookies s\u00e3o normalmente removidos ou limpos quando voc\u00ea efetua logout para garantir que voc\u00ea possa acessar apenas a recursos e \u00e1reas restritas ao efetuar login.<\/p><\/li><li data-start=\"3477\" data-end=\"3733\"><p data-start=\"3479\" data-end=\"3733\"><strong data-start=\"3479\" data-end=\"3515\">Cookies relacionados a boletins por e-mail<\/strong><br data-start=\"3515\" data-end=\"3518\" \/>Este site oferece servi\u00e7os de assinatura de boletim informativo ou e-mail e os cookies podem ser usados \u200b\u200bpara lembrar se voc\u00ea j\u00e1 est\u00e1 registrado e se deve mostrar determinadas notifica\u00e7\u00f5es v\u00e1lidas apenas para usu\u00e1rios inscritos \/ n\u00e3o inscritos.<\/p><\/li><li data-start=\"3735\" data-end=\"3949\"><p data-start=\"3737\" data-end=\"3949\"><strong data-start=\"3737\" data-end=\"3773\">Pedidos processando cookies relacionados<\/strong><br data-start=\"3773\" data-end=\"3776\" \/>Este site oferece facilidades de com\u00e9rcio eletr\u00f4nico ou pagamento e alguns cookies s\u00e3o essenciais para garantir que seu pedido seja lembrado entre as p\u00e1ginas, para que possamos process\u00e1-lo adequadamente.<\/p><\/li><li data-start=\"3951\" data-end=\"4270\"><p data-start=\"3953\" data-end=\"4270\"><strong data-start=\"3953\" data-end=\"3979\">Cookies relacionados a pesquisas<\/strong><br data-start=\"3979\" data-end=\"3982\" \/>Periodicamente, oferecemos pesquisas e question\u00e1rios para fornecer informa\u00e7\u00f5es interessantes, ferramentas \u00fateis ou para entender nossa base de usu\u00e1rios com mais precis\u00e3o. Essas pesquisas podem usar cookies para lembrar quem j\u00e1 participou numa pesquisa ou para fornecer resultados precisos ap\u00f3s a altera\u00e7\u00e3o das p\u00e1ginas.<\/p><\/li><li data-start=\"4272\" data-end=\"4469\"><p data-start=\"4274\" data-end=\"4469\"><strong data-start=\"4274\" data-end=\"4298\">Cookies relacionados a formul\u00e1rios<\/strong><br data-start=\"4298\" data-end=\"4301\" \/>Quando voc\u00ea envia dados por meio de um formul\u00e1rio como os encontrados nas p\u00e1ginas de contacto ou nos formul\u00e1rios de coment\u00e1rios, os cookies podem ser configurados para lembrar os detalhes do usu\u00e1rio para correspond\u00eancia futura.<\/p><\/li><li data-start=\"4471\" data-end=\"4808\"><p data-start=\"4473\" data-end=\"4808\"><strong data-start=\"4473\" data-end=\"4500\">Cookies de prefer\u00eancias do site<\/strong><br data-start=\"4500\" data-end=\"4503\" \/>Para proporcionar uma \u00f3tima experi\u00eancia neste site, fornecemos a funcionalidade para definir suas prefer\u00eancias de como esse site \u00e9 executado quando voc\u00ea o usa. Para lembrar suas prefer\u00eancias, precisamos definir cookies para que essas informa\u00e7\u00f5es possam ser chamadas sempre que voc\u00ea interagir com uma p\u00e1gina for afetada por suas prefer\u00eancias.<\/p><\/li><\/ul><h3 data-start=\"4810\" data-end=\"5008\"><strong data-start=\"4810\" data-end=\"4833\">Cookies de Terceiros<\/strong><\/h3><p data-start=\"4810\" data-end=\"5008\">Em alguns casos especiais, tamb\u00e9m usamos cookies fornecidos por terceiros confi\u00e1veis. A se\u00e7\u00e3o a seguir detalha quais cookies de terceiros voc\u00ea pode encontrar atrav\u00e9s deste site.<\/p><ul data-start=\"5010\" data-end=\"6419\"><li data-start=\"5010\" data-end=\"5458\"><p data-start=\"5012\" data-end=\"5458\">Este site usa o Google Analytics, que \u00e9 uma das solu\u00e7\u00f5es de an\u00e1lise mais difundidas e confi\u00e1veis \u200b\u200bda Web, para nos ajudar a entender como voc\u00ea usa o site e como podemos melhorar sua experi\u00eancia. Esses cookies podem rastrear itens como quanto tempo voc\u00ea gasta no site e as p\u00e1ginas visitadas, para que possamos continuar produzindo conte\u00fado atraente. Para mais informa\u00e7\u00f5es sobre cookies do Google Analytics, consulte a p\u00e1gina oficial do Google Analytics.<\/p><\/li><li data-start=\"5460\" data-end=\"5739\"><p data-start=\"5462\" data-end=\"5739\">As an\u00e1lises de terceiros s\u00e3o usadas para rastrear e medir o uso deste site, para que possamos continuar produzindo conte\u00fado atrativo. Esses cookies podem rastrear itens como o tempo que voc\u00ea passa no site ou as p\u00e1ginas visitadas, o que nos ajuda a entender como podemos melhorar o site para voc\u00ea.<\/p><\/li><li data-start=\"5741\" data-end=\"6042\"><p data-start=\"5743\" data-end=\"6042\">Periodicamente, testamos novos recursos e fazemos altera\u00e7\u00f5es sutis na maneira como o site se apresenta. Quando ainda estamos testando novos recursos, esses cookies podem ser usados \u200b\u200bpara garantir que voc\u00ea receba uma experi\u00eancia consistente enquanto estiver no site, enquanto entendemos quais otimiza\u00e7\u00f5es os nossos usu\u00e1rios mais apreciam.<\/p><\/li><li data-start=\"6044\" data-end=\"6419\"><p data-start=\"6046\" data-end=\"6419\">\u00c0 medida que vendemos produtos, \u00e9 importante entendermos as estat\u00edsticas sobre quantos visitantes de nosso site realmente compram e, portanto, esse \u00e9 o tipo de dados que esses cookies rastrear\u00e3o. Isso \u00e9 importante para voc\u00ea, pois significa que podemos fazer previs\u00f5es de neg\u00f3cios com precis\u00e3o que nos permitem analizar nossos custos de publicidade e produtos para garantir o melhor pre\u00e7o poss\u00edvel.<\/p><\/li><\/ul><h2><strong>Pol\u00edtica de SMS<\/strong><\/h2><p>Podemos coletar informa\u00e7\u00f5es pessoais diretamente de voc\u00ea, por exemplo, durante o cadastro, ao marcar uma consulta, ao criar uma conta conosco, quando voc\u00ea entra em contato conosco para suporte ao cliente, ao finalizar a compra ou durante uma liga\u00e7\u00e3o telef\u00f4nica.<\/p><p>As informa\u00e7\u00f5es pessoais que coletamos diretamente de voc\u00ea podem incluir nome e sobrenome, endere\u00e7o, endere\u00e7o de e-mail e n\u00famero de telefone.<\/p><p>Ao fornecer essas informa\u00e7\u00f5es, voc\u00ea concorda em receber SMS e liga\u00e7\u00f5es da\u00a0<strong>Bicalho &amp; Oliveira<\/strong>.<\/p><p>Ao iniciar a comunica\u00e7\u00e3o por SMS, voc\u00ea concorda em receber SMS e liga\u00e7\u00f5es da\u00a0<strong>Bicalho &amp; Oliveira<\/strong>.<\/p><p>A qualquer momento, voc\u00ea pode responder \"PARAR\" para parar de receber mensagens e AJUDA para obter assist\u00eancia ou receber suporte adicional em rela\u00e7\u00e3o ao programa de mensagens.<\/p><p>A frequ\u00eancia das mensagens pode variar e tarifas de dados ou mensagens podem ser aplicadas.<\/p><p><strong>Bicalho &amp; Oliveira<\/strong>\u00a0utiliza as informa\u00e7\u00f5es coletadas para os seguintes fins:<\/p><ul><li>Processar reservas e pagamentos<\/li><\/ul><ul><li>Fornecer suporte ao cliente e responder a consultas<\/li><\/ul><ul><li>Enviar atualiza\u00e7\u00f5es, confirma\u00e7\u00f5es e informa\u00e7\u00f5es relevantes sobre o servi\u00e7o<\/li><\/ul><ul><li>Cumprir obriga\u00e7\u00f5es legais e prevenir fraudes<\/li><li>N\u00e3o compartilhamos informa\u00e7\u00f5es com terceiros. Nenhum dado de inscri\u00e7\u00e3o m\u00f3vel ser\u00e1 compartilhado com terceiros.<\/li><\/ul><p>Eu concordo em receber mensagens de texto da\u00a0<strong>Bicalho &amp; Oliveira<\/strong>\u00a0sobre minha consulta sobre nossos servi\u00e7os, produtos e suporte.<\/p><h2><strong>Mais informa\u00e7\u00f5es<\/strong><\/h2><p>Esperemos que esteja esclarecido e, como mencionado anteriormente, se houver algo que voc\u00ea n\u00e3o tem certeza se precisa ou n\u00e3o, geralmente \u00e9 mais seguro deixar os cookies ativados, caso interaja com um dos recursos que voc\u00ea usa em nosso site.<\/p><p>Esta pol\u00edtica \u00e9 efetiva a partir de Outubro\/2020.<\/p>\t\t\t\t\t\t\t\t<\/div>\n\t\t\t\t<\/div>\n\t\t\t\t<div class=\"elementor-element elementor-element-d461911 elementor-widget elementor-widget-spacer\" data-id=\"d461911\" data-element_type=\"widget\" data-e-type=\"widget\" data-widget_type=\"spacer.default\">\n\t\t\t\t<div class=\"elementor-widget-container\">\n\t\t\t\t\t\t\t<div class=\"elementor-spacer\">\n\t\t\t<div class=\"elementor-spacer-inner\"><\/div>\n\t\t<\/div>\n\t\t\t\t\t\t<\/div>\n\t\t\t\t<\/div>\n\t\t\t\t\t<\/div>\n\t\t\t\t<\/div>\n\t\t\t\t<\/div>","protected":false},"excerpt":{"rendered":"<p>Back Who we are Our website address is: https:\/\/bicalhooliveira.us\/ Privacy Policy Your privacy is important to us. It is the policy of Bicalho &amp; Oliveira to respect your privacy regarding any information we may collect on the site bicalhooliveira.us, and other sites we own and operate. We request personal information only when we truly need [&hellip;]<\/p>\n","protected":false},"author":1,"featured_media":0,"parent":0,"menu_order":0,"comment_status":"closed","ping_status":"open","template":"","meta":{"footnotes":""},"class_list":["post-3","page","type-page","status-publish","hentry"],"yoast_head":"<!-- This site is optimized with the Yoast SEO plugin v27.3 - https:\/\/yoast.com\/product\/yoast-seo-wordpress\/ -->\n<title>Privacy Policy - Bicalho &amp; Oliveira<\/title>\n<meta name=\"robots\" content=\"noindex, nofollow\" \/>\n<meta property=\"og:locale\" content=\"pt_BR\" \/>\n<meta property=\"og:type\" content=\"article\" \/>\n<meta property=\"og:title\" content=\"Privacy Policy - Bicalho &amp; Oliveira\" \/>\n<meta property=\"og:description\" content=\"Back Who we are Our website address is: https:\/\/bicalhooliveira.us\/ Privacy Policy Your privacy is important to us. It is the policy of Bicalho &amp; Oliveira to respect your privacy regarding any information we may collect on the site bicalhooliveira.us, and other sites we own and operate. We request personal information only when we truly need [&hellip;]\" \/>\n<meta property=\"og:url\" content=\"https:\/\/bicalhooliveira.us\/pt\/privacy-policy\/\" \/>\n<meta property=\"og:site_name\" content=\"Bicalho &amp; Oliveira\" \/>\n<meta property=\"article:modified_time\" content=\"2025-05-27T13:32:24+00:00\" \/>\n<meta name=\"twitter:card\" content=\"summary_large_image\" \/>\n<meta name=\"twitter:label1\" content=\"Est. tempo de leitura\" \/>\n\t<meta name=\"twitter:data1\" content=\"8 minutos\" \/>\n<script type=\"application\/ld+json\" class=\"yoast-schema-graph\">{\"@context\":\"https:\\\/\\\/schema.org\",\"@graph\":[{\"@type\":\"WebPage\",\"@id\":\"https:\\\/\\\/bicalhooliveira.us\\\/privacy-policy\\\/\",\"url\":\"https:\\\/\\\/bicalhooliveira.us\\\/privacy-policy\\\/\",\"name\":\"Privacy Policy - Bicalho &amp; Oliveira\",\"isPartOf\":{\"@id\":\"https:\\\/\\\/bicalhooliveira.us\\\/#website\"},\"datePublished\":\"2024-10-25T18:38:25+00:00\",\"dateModified\":\"2025-05-27T13:32:24+00:00\",\"breadcrumb\":{\"@id\":\"https:\\\/\\\/bicalhooliveira.us\\\/privacy-policy\\\/#breadcrumb\"},\"inLanguage\":\"pt-BR\",\"potentialAction\":[{\"@type\":\"ReadAction\",\"target\":[\"https:\\\/\\\/bicalhooliveira.us\\\/privacy-policy\\\/\"]}]},{\"@type\":\"BreadcrumbList\",\"@id\":\"https:\\\/\\\/bicalhooliveira.us\\\/privacy-policy\\\/#breadcrumb\",\"itemListElement\":[{\"@type\":\"ListItem\",\"position\":1,\"name\":\"In\u00edcio\",\"item\":\"https:\\\/\\\/bicalhooliveira.us\\\/\"},{\"@type\":\"ListItem\",\"position\":2,\"name\":\"Privacy Policy\"}]},{\"@type\":\"WebSite\",\"@id\":\"https:\\\/\\\/bicalhooliveira.us\\\/#website\",\"url\":\"https:\\\/\\\/bicalhooliveira.us\\\/\",\"name\":\"Bicalho & Oliveira\",\"description\":\"Bridging Legal Expertise Across Continents\",\"publisher\":{\"@id\":\"https:\\\/\\\/bicalhooliveira.us\\\/#organization\"},\"potentialAction\":[{\"@type\":\"SearchAction\",\"target\":{\"@type\":\"EntryPoint\",\"urlTemplate\":\"https:\\\/\\\/bicalhooliveira.us\\\/?s={search_term_string}\"},\"query-input\":{\"@type\":\"PropertyValueSpecification\",\"valueRequired\":true,\"valueName\":\"search_term_string\"}}],\"inLanguage\":\"pt-BR\"},{\"@type\":\"Organization\",\"@id\":\"https:\\\/\\\/bicalhooliveira.us\\\/#organization\",\"name\":\"Bicalho & Oliveira\",\"url\":\"https:\\\/\\\/bicalhooliveira.us\\\/\",\"logo\":{\"@type\":\"ImageObject\",\"inLanguage\":\"pt-BR\",\"@id\":\"https:\\\/\\\/bicalhooliveira.us\\\/#\\\/schema\\\/logo\\\/image\\\/\",\"url\":\"https:\\\/\\\/bicalhooliveira.us\\\/wp-content\\\/uploads\\\/2024\\\/10\\\/Logo-Bicalho-Oliveira.svg\",\"contentUrl\":\"https:\\\/\\\/bicalhooliveira.us\\\/wp-content\\\/uploads\\\/2024\\\/10\\\/Logo-Bicalho-Oliveira.svg\",\"width\":436,\"height\":104,\"caption\":\"Bicalho & Oliveira\"},\"image\":{\"@id\":\"https:\\\/\\\/bicalhooliveira.us\\\/#\\\/schema\\\/logo\\\/image\\\/\"}}]}<\/script>\n<!-- \/ Yoast SEO plugin. -->","yoast_head_json":{"title":"Privacy Policy - Bicalho &amp; Oliveira","robots":{"index":"noindex","follow":"nofollow"},"og_locale":"pt_BR","og_type":"article","og_title":"Privacy Policy - Bicalho &amp; Oliveira","og_description":"Back Who we are Our website address is: https:\/\/bicalhooliveira.us\/ Privacy Policy Your privacy is important to us. It is the policy of Bicalho &amp; Oliveira to respect your privacy regarding any information we may collect on the site bicalhooliveira.us, and other sites we own and operate. We request personal information only when we truly need [&hellip;]","og_url":"https:\/\/bicalhooliveira.us\/pt\/privacy-policy\/","og_site_name":"Bicalho &amp; Oliveira","article_modified_time":"2025-05-27T13:32:24+00:00","twitter_card":"summary_large_image","twitter_misc":{"Est. tempo de leitura":"8 minutos"},"schema":{"@context":"https:\/\/schema.org","@graph":[{"@type":"WebPage","@id":"https:\/\/bicalhooliveira.us\/privacy-policy\/","url":"https:\/\/bicalhooliveira.us\/privacy-policy\/","name":"Privacy Policy - Bicalho &amp; Oliveira","isPartOf":{"@id":"https:\/\/bicalhooliveira.us\/#website"},"datePublished":"2024-10-25T18:38:25+00:00","dateModified":"2025-05-27T13:32:24+00:00","breadcrumb":{"@id":"https:\/\/bicalhooliveira.us\/privacy-policy\/#breadcrumb"},"inLanguage":"pt-BR","potentialAction":[{"@type":"ReadAction","target":["https:\/\/bicalhooliveira.us\/privacy-policy\/"]}]},{"@type":"BreadcrumbList","@id":"https:\/\/bicalhooliveira.us\/privacy-policy\/#breadcrumb","itemListElement":[{"@type":"ListItem","position":1,"name":"In\u00edcio","item":"https:\/\/bicalhooliveira.us\/"},{"@type":"ListItem","position":2,"name":"Privacy Policy"}]},{"@type":"WebSite","@id":"https:\/\/bicalhooliveira.us\/#website","url":"https:\/\/bicalhooliveira.us\/","name":"Bicalho & Oliveira","description":"Conectando Experi\u00eancia Jur\u00eddica Global","publisher":{"@id":"https:\/\/bicalhooliveira.us\/#organization"},"potentialAction":[{"@type":"SearchAction","target":{"@type":"EntryPoint","urlTemplate":"https:\/\/bicalhooliveira.us\/?s={search_term_string}"},"query-input":{"@type":"PropertyValueSpecification","valueRequired":true,"valueName":"search_term_string"}}],"inLanguage":"pt-BR"},{"@type":"Organization","@id":"https:\/\/bicalhooliveira.us\/#organization","name":"Bicalho & Oliveira","url":"https:\/\/bicalhooliveira.us\/","logo":{"@type":"ImageObject","inLanguage":"pt-BR","@id":"https:\/\/bicalhooliveira.us\/#\/schema\/logo\/image\/","url":"https:\/\/bicalhooliveira.us\/wp-content\/uploads\/2024\/10\/Logo-Bicalho-Oliveira.svg","contentUrl":"https:\/\/bicalhooliveira.us\/wp-content\/uploads\/2024\/10\/Logo-Bicalho-Oliveira.svg","width":436,"height":104,"caption":"Bicalho & Oliveira"},"image":{"@id":"https:\/\/bicalhooliveira.us\/#\/schema\/logo\/image\/"}}]}},"_links":{"self":[{"href":"https:\/\/bicalhooliveira.us\/pt\/wp-json\/wp\/v2\/pages\/3","targetHints":{"allow":["GET"]}}],"collection":[{"href":"https:\/\/bicalhooliveira.us\/pt\/wp-json\/wp\/v2\/pages"}],"about":[{"href":"https:\/\/bicalhooliveira.us\/pt\/wp-json\/wp\/v2\/types\/page"}],"author":[{"embeddable":true,"href":"https:\/\/bicalhooliveira.us\/pt\/wp-json\/wp\/v2\/users\/1"}],"replies":[{"embeddable":true,"href":"https:\/\/bicalhooliveira.us\/pt\/wp-json\/wp\/v2\/comments?post=3"}],"version-history":[{"count":45,"href":"https:\/\/bicalhooliveira.us\/pt\/wp-json\/wp\/v2\/pages\/3\/revisions"}],"predecessor-version":[{"id":645,"href":"https:\/\/bicalhooliveira.us\/pt\/wp-json\/wp\/v2\/pages\/3\/revisions\/645"}],"wp:attachment":[{"href":"https:\/\/bicalhooliveira.us\/pt\/wp-json\/wp\/v2\/media?parent=3"}],"curies":[{"name":"wp","href":"https:\/\/api.w.org\/{rel}","templated":true}]}}